{"id":2,"date":"2017-05-10T23:49:30","date_gmt":"2017-05-10T21:49:30","guid":{"rendered":"http:\/\/kasokrom.sk\/New\/?page_id=2"},"modified":"2025-10-27T08:48:27","modified_gmt":"2025-10-27T07:48:27","slug":"ukazka-strany","status":"publish","type":"page","link":"https:\/\/kasokrom.sk\/New\/?page_id=2","title":{"rendered":"Kontakt"},"content":{"rendered":"<p><strong>KaSoKrom s.r.o.<\/strong><\/p>\n<p>I. Bar\u010du 7<\/p>\n<p>05342 Krompachy<\/p>\n<p>I\u010cO: 36578665<\/p>\n<p>DI\u010c: 2021818018<\/p>\n<p>I\u010c DPH: SK2021818018<\/p>\n<p>Platite\u013e dane z pridanej hodnoty pod\u013ea \u00a7 4, 4a a 5 z\u00e1kona<\/p>\n<p>Spolo\u010dnos\u0165 je zap\u00edsan\u00e1 v Obchodnom registri Okresn\u00e9ho s\u00fadu Ko\u0161ice I, oddiel Sro, vlo\u017eka \u010d. 14820\/V<\/p>\n<p><strong>Kontakt:<\/strong><\/p>\n<p>Ing. Martin Skalick\u00fd &#8211; konate\u013e, Cnc v\u00fdroba<\/p>\n<p>Mob: +421 907 438 331<\/p>\n<p>E-mail: martin.skalicky@kasokrom.sk<\/p>\n","protected":false},"excerpt":{"rendered":"<p>KaSoKrom s.r.o. I. Bar\u010du 7 05342 Krompachy I\u010cO: 36578665 DI\u010c: 2021818018 I\u010c DPH: SK2021818018 Platite\u013e dane z pridanej hodnoty pod\u013ea \u00a7 4, 4a a 5 z\u00e1kona Spolo\u010dnos\u0165 je zap\u00edsan\u00e1 v Obchodnom registri Okresn\u00e9ho s\u00fadu Ko\u0161ice I, oddiel Sro, vlo\u017eka \u010d. 14820\/V Kontakt: Ing. Martin Skalick\u00fd &#8211; konate\u013e, Cnc v\u00fdroba Mob: +421 907 438 331 E-mail: [&hellip;]<\/p>\n","protected":false},"author":1,"featured_media":0,"parent":0,"menu_order":0,"comment_status":"closed","ping_status":"closed","template":"","meta":{"_monsterinsights_skip_tracking":false,"_monsterinsights_sitenote_active":false,"_monsterinsights_sitenote_note":"","_monsterinsights_sitenote_category":0,"footnotes":""},"class_list":["post-2","page","type-page","status-publish","hentry"],"yoast_head":"<!-- This site is optimized with the Yoast SEO plugin v27.5 - https:\/\/yoast.com\/product\/yoast-seo-wordpress\/ -->\n<title>Kontakt - KaSoKrom s.r.o.<\/title>\n<meta name=\"robots\" content=\"index, follow, max-snippet:-1, max-image-preview:large, max-video-preview:-1\" \/>\n<link rel=\"canonical\" href=\"https:\/\/kasokrom.sk\/New\/?page_id=2\" \/>\n<meta property=\"og:locale\" content=\"sk_SK\" \/>\n<meta property=\"og:type\" content=\"article\" \/>\n<meta property=\"og:title\" content=\"Kontakt - KaSoKrom s.r.o.\" \/>\n<meta property=\"og:description\" content=\"KaSoKrom s.r.o. I. Bar\u010du 7 05342 Krompachy I\u010cO: 36578665 DI\u010c: 2021818018 I\u010c DPH: SK2021818018 Platite\u013e dane z pridanej hodnoty pod\u013ea \u00a7 4, 4a a 5 z\u00e1kona Spolo\u010dnos\u0165 je zap\u00edsan\u00e1 v Obchodnom registri Okresn\u00e9ho s\u00fadu Ko\u0161ice I, oddiel Sro, vlo\u017eka \u010d. 14820\/V Kontakt: Ing. Martin Skalick\u00fd &#8211; konate\u013e, Cnc v\u00fdroba Mob: +421 907 438 331 E-mail: [&hellip;]\" \/>\n<meta property=\"og:url\" content=\"https:\/\/kasokrom.sk\/New\/?page_id=2\" \/>\n<meta property=\"og:site_name\" content=\"KaSoKrom s.r.o.\" \/>\n<meta property=\"article:modified_time\" content=\"2025-10-27T07:48:27+00:00\" \/>\n<meta name=\"twitter:card\" content=\"summary_large_image\" \/>\n<meta name=\"twitter:label1\" content=\"Predpokladan\u00fd \u010das \u010d\u00edtania\" \/>\n\t<meta name=\"twitter:data1\" content=\"1 min\u00fata\" \/>\n<script type=\"application\/ld+json\" class=\"yoast-schema-graph\">{\"@context\":\"https:\\\/\\\/schema.org\",\"@graph\":[{\"@type\":\"WebPage\",\"@id\":\"https:\\\/\\\/kasokrom.sk\\\/New\\\/?page_id=2\",\"url\":\"https:\\\/\\\/kasokrom.sk\\\/New\\\/?page_id=2\",\"name\":\"Kontakt - KaSoKrom s.r.o.\",\"isPartOf\":{\"@id\":\"http:\\\/\\\/kasokrom.sk\\\/New\\\/#website\"},\"datePublished\":\"2017-05-10T21:49:30+00:00\",\"dateModified\":\"2025-10-27T07:48:27+00:00\",\"breadcrumb\":{\"@id\":\"https:\\\/\\\/kasokrom.sk\\\/New\\\/?page_id=2#breadcrumb\"},\"inLanguage\":\"sk-SK\",\"potentialAction\":[{\"@type\":\"ReadAction\",\"target\":[\"https:\\\/\\\/kasokrom.sk\\\/New\\\/?page_id=2\"]}]},{\"@type\":\"BreadcrumbList\",\"@id\":\"https:\\\/\\\/kasokrom.sk\\\/New\\\/?page_id=2#breadcrumb\",\"itemListElement\":[{\"@type\":\"ListItem\",\"position\":1,\"name\":\"Home\",\"item\":\"http:\\\/\\\/kasokrom.sk\\\/New\\\/\"},{\"@type\":\"ListItem\",\"position\":2,\"name\":\"Kontakt\"}]},{\"@type\":\"WebSite\",\"@id\":\"http:\\\/\\\/kasokrom.sk\\\/New\\\/#website\",\"url\":\"http:\\\/\\\/kasokrom.sk\\\/New\\\/\",\"name\":\"KaSoKrom s.r.o.\",\"description\":\"Strojn\u00e9 obr\u00e1banie\",\"potentialAction\":[{\"@type\":\"SearchAction\",\"target\":{\"@type\":\"EntryPoint\",\"urlTemplate\":\"http:\\\/\\\/kasokrom.sk\\\/New\\\/?s={search_term_string}\"},\"query-input\":{\"@type\":\"PropertyValueSpecification\",\"valueRequired\":true,\"valueName\":\"search_term_string\"}}],\"inLanguage\":\"sk-SK\"}]}<\/script>\n<!-- \/ Yoast SEO plugin. -->","yoast_head_json":{"title":"Kontakt - KaSoKrom s.r.o.","robots":{"index":"index","follow":"follow","max-snippet":"max-snippet:-1","max-image-preview":"max-image-preview:large","max-video-preview":"max-video-preview:-1"},"canonical":"https:\/\/kasokrom.sk\/New\/?page_id=2","og_locale":"sk_SK","og_type":"article","og_title":"Kontakt - KaSoKrom s.r.o.","og_description":"KaSoKrom s.r.o. I. Bar\u010du 7 05342 Krompachy I\u010cO: 36578665 DI\u010c: 2021818018 I\u010c DPH: SK2021818018 Platite\u013e dane z pridanej hodnoty pod\u013ea \u00a7 4, 4a a 5 z\u00e1kona Spolo\u010dnos\u0165 je zap\u00edsan\u00e1 v Obchodnom registri Okresn\u00e9ho s\u00fadu Ko\u0161ice I, oddiel Sro, vlo\u017eka \u010d. 14820\/V Kontakt: Ing. Martin Skalick\u00fd &#8211; konate\u013e, Cnc v\u00fdroba Mob: +421 907 438 331 E-mail: [&hellip;]","og_url":"https:\/\/kasokrom.sk\/New\/?page_id=2","og_site_name":"KaSoKrom s.r.o.","article_modified_time":"2025-10-27T07:48:27+00:00","twitter_card":"summary_large_image","twitter_misc":{"Predpokladan\u00fd \u010das \u010d\u00edtania":"1 min\u00fata"},"schema":{"@context":"https:\/\/schema.org","@graph":[{"@type":"WebPage","@id":"https:\/\/kasokrom.sk\/New\/?page_id=2","url":"https:\/\/kasokrom.sk\/New\/?page_id=2","name":"Kontakt - KaSoKrom s.r.o.","isPartOf":{"@id":"http:\/\/kasokrom.sk\/New\/#website"},"datePublished":"2017-05-10T21:49:30+00:00","dateModified":"2025-10-27T07:48:27+00:00","breadcrumb":{"@id":"https:\/\/kasokrom.sk\/New\/?page_id=2#breadcrumb"},"inLanguage":"sk-SK","potentialAction":[{"@type":"ReadAction","target":["https:\/\/kasokrom.sk\/New\/?page_id=2"]}]},{"@type":"BreadcrumbList","@id":"https:\/\/kasokrom.sk\/New\/?page_id=2#breadcrumb","itemListElement":[{"@type":"ListItem","position":1,"name":"Home","item":"http:\/\/kasokrom.sk\/New\/"},{"@type":"ListItem","position":2,"name":"Kontakt"}]},{"@type":"WebSite","@id":"http:\/\/kasokrom.sk\/New\/#website","url":"http:\/\/kasokrom.sk\/New\/","name":"KaSoKrom s.r.o.","description":"Strojn\u00e9 obr\u00e1banie","potentialAction":[{"@type":"SearchAction","target":{"@type":"EntryPoint","urlTemplate":"http:\/\/kasokrom.sk\/New\/?s={search_term_string}"},"query-input":{"@type":"PropertyValueSpecification","valueRequired":true,"valueName":"search_term_string"}}],"inLanguage":"sk-SK"}]}},"_links":{"self":[{"href":"https:\/\/kasokrom.sk\/New\/index.php?rest_route=\/wp\/v2\/pages\/2","targetHints":{"allow":["GET"]}}],"collection":[{"href":"https:\/\/kasokrom.sk\/New\/index.php?rest_route=\/wp\/v2\/pages"}],"about":[{"href":"https:\/\/kasokrom.sk\/New\/index.php?rest_route=\/wp\/v2\/types\/page"}],"author":[{"embeddable":true,"href":"https:\/\/kasokrom.sk\/New\/index.php?rest_route=\/wp\/v2\/users\/1"}],"replies":[{"embeddable":true,"href":"https:\/\/kasokrom.sk\/New\/index.php?rest_route=%2Fwp%2Fv2%2Fcomments&post=2"}],"version-history":[{"count":6,"href":"https:\/\/kasokrom.sk\/New\/index.php?rest_route=\/wp\/v2\/pages\/2\/revisions"}],"predecessor-version":[{"id":126,"href":"https:\/\/kasokrom.sk\/New\/index.php?rest_route=\/wp\/v2\/pages\/2\/revisions\/126"}],"wp:attachment":[{"href":"https:\/\/kasokrom.sk\/New\/index.php?rest_route=%2Fwp%2Fv2%2Fmedia&parent=2"}],"curies":[{"name":"wp","href":"https:\/\/api.w.org\/{rel}","templated":true}]}}