{"id":15,"date":"2017-05-11T00:29:38","date_gmt":"2017-05-10T22:29:38","guid":{"rendered":"http:\/\/kasokrom.sk\/New\/?page_id=15"},"modified":"2025-10-27T08:20:58","modified_gmt":"2025-10-27T07:20:58","slug":"o-nas","status":"publish","type":"page","link":"http:\/\/kasokrom.sk\/New\/","title":{"rendered":"O n\u00e1s"},"content":{"rendered":"<div dir=\"auto\">Vyr\u00e1bame kvalitn\u00e9 s\u00fa\u010diastky, na ktor\u00e9 sa m\u00f4\u017eete spo\u013eahn\u00fa\u0165.<\/div>\n<div dir=\"auto\"><\/div>\n<div dir=\"auto\">Na\u0161a firma sa venuje v\u00fdrobe s\u00fa\u010diastok z ne\u017eelezn\u00fdch kovov s d\u00f4razom na presnos\u0165, kvalitu a f\u00e9rov\u00fd pr\u00edstup. Kombinujeme modern\u00e9 CNC technol\u00f3gie s osved\u010den\u00fdmi klasick\u00fdmi postupmi, aby sme v\u017edy dosiahli ten najlep\u0161\u00ed v\u00fdsledok pre na\u0161ich z\u00e1kazn\u00edkov.<\/div>\n<div dir=\"auto\"><\/div>\n<div dir=\"auto\">M\u00e1me k dispoz\u00edcii 3-os\u00e9 a 4-os\u00e9 CNC fr\u00e9zy, CNC s\u00fastruhy s pod\u00e1va\u010dom materi\u00e1lu aj klasick\u00e9 fr\u00e9zy a s\u00fastruhy. V\u010faka tomu vieme r\u00fdchlo a efekt\u00edvne zabezpe\u010di\u0165 kusov\u00fa aj s\u00e9riov\u00fa v\u00fdrobu pod\u013ea va\u0161ich potrieb.<\/div>\n<div dir=\"auto\"><\/div>\n<div dir=\"auto\">Zaklad\u00e1me si na osobnom pr\u00edstupe, presnej pr\u00e1ci a spo\u013eahliv\u00fdch term\u00ednoch. Ka\u017ed\u00fd projekt berieme ako v\u00fdzvu \u2013 od n\u00e1vrhu a\u017e po hotov\u00fd v\u00fdrobok.<\/div>\n<div dir=\"auto\"><\/div>\n<div dir=\"auto\">Radi v\u00e1m pom\u00f4\u017eeme s va\u0161ou z\u00e1kazkou \u2013 ozvite sa n\u00e1m !<\/div>\n","protected":false},"excerpt":{"rendered":"<p>Vyr\u00e1bame kvalitn\u00e9 s\u00fa\u010diastky, na ktor\u00e9 sa m\u00f4\u017eete spo\u013eahn\u00fa\u0165. Na\u0161a firma sa venuje v\u00fdrobe s\u00fa\u010diastok z ne\u017eelezn\u00fdch kovov s d\u00f4razom na presnos\u0165, kvalitu a f\u00e9rov\u00fd pr\u00edstup. Kombinujeme modern\u00e9 CNC technol\u00f3gie s osved\u010den\u00fdmi klasick\u00fdmi postupmi, aby sme v\u017edy dosiahli ten najlep\u0161\u00ed v\u00fdsledok pre na\u0161ich z\u00e1kazn\u00edkov. M\u00e1me k dispoz\u00edcii 3-os\u00e9 a 4-os\u00e9 CNC fr\u00e9zy, CNC s\u00fastruhy s pod\u00e1va\u010dom [&hellip;]<\/p>\n","protected":false},"author":1,"featured_media":0,"parent":0,"menu_order":0,"comment_status":"closed","ping_status":"closed","template":"","meta":{"_monsterinsights_skip_tracking":false,"_monsterinsights_sitenote_active":false,"_monsterinsights_sitenote_note":"","_monsterinsights_sitenote_category":0,"footnotes":""},"class_list":["post-15","page","type-page","status-publish","hentry"],"yoast_head":"<!-- This site is optimized with the Yoast SEO plugin v27.4 - https:\/\/yoast.com\/product\/yoast-seo-wordpress\/ -->\n<title>O n\u00e1s - KaSoKrom s.r.o.<\/title>\n<meta name=\"robots\" content=\"index, follow, max-snippet:-1, max-image-preview:large, max-video-preview:-1\" \/>\n<link rel=\"canonical\" href=\"http:\/\/kasokrom.sk\/New\/\" \/>\n<meta property=\"og:locale\" content=\"sk_SK\" \/>\n<meta property=\"og:type\" content=\"article\" \/>\n<meta property=\"og:title\" content=\"O n\u00e1s - KaSoKrom s.r.o.\" \/>\n<meta property=\"og:description\" content=\"Vyr\u00e1bame kvalitn\u00e9 s\u00fa\u010diastky, na ktor\u00e9 sa m\u00f4\u017eete spo\u013eahn\u00fa\u0165. Na\u0161a firma sa venuje v\u00fdrobe s\u00fa\u010diastok z ne\u017eelezn\u00fdch kovov s d\u00f4razom na presnos\u0165, kvalitu a f\u00e9rov\u00fd pr\u00edstup. Kombinujeme modern\u00e9 CNC technol\u00f3gie s osved\u010den\u00fdmi klasick\u00fdmi postupmi, aby sme v\u017edy dosiahli ten najlep\u0161\u00ed v\u00fdsledok pre na\u0161ich z\u00e1kazn\u00edkov. M\u00e1me k dispoz\u00edcii 3-os\u00e9 a 4-os\u00e9 CNC fr\u00e9zy, CNC s\u00fastruhy s pod\u00e1va\u010dom [&hellip;]\" \/>\n<meta property=\"og:url\" content=\"http:\/\/kasokrom.sk\/New\/\" \/>\n<meta property=\"og:site_name\" content=\"KaSoKrom s.r.o.\" \/>\n<meta property=\"article:modified_time\" content=\"2025-10-27T07:20:58+00:00\" \/>\n<meta name=\"twitter:card\" content=\"summary_large_image\" \/>\n<meta name=\"twitter:label1\" content=\"Predpokladan\u00fd \u010das \u010d\u00edtania\" \/>\n\t<meta name=\"twitter:data1\" content=\"1 min\u00fata\" \/>\n<script type=\"application\/ld+json\" class=\"yoast-schema-graph\">{\"@context\":\"https:\\\/\\\/schema.org\",\"@graph\":[{\"@type\":\"WebPage\",\"@id\":\"http:\\\/\\\/kasokrom.sk\\\/New\\\/\",\"url\":\"http:\\\/\\\/kasokrom.sk\\\/New\\\/\",\"name\":\"O n\u00e1s - KaSoKrom s.r.o.\",\"isPartOf\":{\"@id\":\"http:\\\/\\\/kasokrom.sk\\\/New\\\/#website\"},\"datePublished\":\"2017-05-10T22:29:38+00:00\",\"dateModified\":\"2025-10-27T07:20:58+00:00\",\"breadcrumb\":{\"@id\":\"http:\\\/\\\/kasokrom.sk\\\/New\\\/#breadcrumb\"},\"inLanguage\":\"sk-SK\",\"potentialAction\":[{\"@type\":\"ReadAction\",\"target\":[\"http:\\\/\\\/kasokrom.sk\\\/New\\\/\"]}]},{\"@type\":\"BreadcrumbList\",\"@id\":\"http:\\\/\\\/kasokrom.sk\\\/New\\\/#breadcrumb\",\"itemListElement\":[{\"@type\":\"ListItem\",\"position\":1,\"name\":\"Home\",\"item\":\"http:\\\/\\\/kasokrom.sk\\\/New\\\/\"},{\"@type\":\"ListItem\",\"position\":2,\"name\":\"O n\u00e1s\"}]},{\"@type\":\"WebSite\",\"@id\":\"http:\\\/\\\/kasokrom.sk\\\/New\\\/#website\",\"url\":\"http:\\\/\\\/kasokrom.sk\\\/New\\\/\",\"name\":\"KaSoKrom s.r.o.\",\"description\":\"Strojn\u00e9 obr\u00e1banie\",\"potentialAction\":[{\"@type\":\"SearchAction\",\"target\":{\"@type\":\"EntryPoint\",\"urlTemplate\":\"http:\\\/\\\/kasokrom.sk\\\/New\\\/?s={search_term_string}\"},\"query-input\":{\"@type\":\"PropertyValueSpecification\",\"valueRequired\":true,\"valueName\":\"search_term_string\"}}],\"inLanguage\":\"sk-SK\"}]}<\/script>\n<!-- \/ Yoast SEO plugin. -->","yoast_head_json":{"title":"O n\u00e1s - KaSoKrom s.r.o.","robots":{"index":"index","follow":"follow","max-snippet":"max-snippet:-1","max-image-preview":"max-image-preview:large","max-video-preview":"max-video-preview:-1"},"canonical":"http:\/\/kasokrom.sk\/New\/","og_locale":"sk_SK","og_type":"article","og_title":"O n\u00e1s - KaSoKrom s.r.o.","og_description":"Vyr\u00e1bame kvalitn\u00e9 s\u00fa\u010diastky, na ktor\u00e9 sa m\u00f4\u017eete spo\u013eahn\u00fa\u0165. Na\u0161a firma sa venuje v\u00fdrobe s\u00fa\u010diastok z ne\u017eelezn\u00fdch kovov s d\u00f4razom na presnos\u0165, kvalitu a f\u00e9rov\u00fd pr\u00edstup. Kombinujeme modern\u00e9 CNC technol\u00f3gie s osved\u010den\u00fdmi klasick\u00fdmi postupmi, aby sme v\u017edy dosiahli ten najlep\u0161\u00ed v\u00fdsledok pre na\u0161ich z\u00e1kazn\u00edkov. M\u00e1me k dispoz\u00edcii 3-os\u00e9 a 4-os\u00e9 CNC fr\u00e9zy, CNC s\u00fastruhy s pod\u00e1va\u010dom [&hellip;]","og_url":"http:\/\/kasokrom.sk\/New\/","og_site_name":"KaSoKrom s.r.o.","article_modified_time":"2025-10-27T07:20:58+00:00","twitter_card":"summary_large_image","twitter_misc":{"Predpokladan\u00fd \u010das \u010d\u00edtania":"1 min\u00fata"},"schema":{"@context":"https:\/\/schema.org","@graph":[{"@type":"WebPage","@id":"http:\/\/kasokrom.sk\/New\/","url":"http:\/\/kasokrom.sk\/New\/","name":"O n\u00e1s - KaSoKrom s.r.o.","isPartOf":{"@id":"http:\/\/kasokrom.sk\/New\/#website"},"datePublished":"2017-05-10T22:29:38+00:00","dateModified":"2025-10-27T07:20:58+00:00","breadcrumb":{"@id":"http:\/\/kasokrom.sk\/New\/#breadcrumb"},"inLanguage":"sk-SK","potentialAction":[{"@type":"ReadAction","target":["http:\/\/kasokrom.sk\/New\/"]}]},{"@type":"BreadcrumbList","@id":"http:\/\/kasokrom.sk\/New\/#breadcrumb","itemListElement":[{"@type":"ListItem","position":1,"name":"Home","item":"http:\/\/kasokrom.sk\/New\/"},{"@type":"ListItem","position":2,"name":"O n\u00e1s"}]},{"@type":"WebSite","@id":"http:\/\/kasokrom.sk\/New\/#website","url":"http:\/\/kasokrom.sk\/New\/","name":"KaSoKrom s.r.o.","description":"Strojn\u00e9 obr\u00e1banie","potentialAction":[{"@type":"SearchAction","target":{"@type":"EntryPoint","urlTemplate":"http:\/\/kasokrom.sk\/New\/?s={search_term_string}"},"query-input":{"@type":"PropertyValueSpecification","valueRequired":true,"valueName":"search_term_string"}}],"inLanguage":"sk-SK"}]}},"_links":{"self":[{"href":"http:\/\/kasokrom.sk\/New\/index.php?rest_route=\/wp\/v2\/pages\/15","targetHints":{"allow":["GET"]}}],"collection":[{"href":"http:\/\/kasokrom.sk\/New\/index.php?rest_route=\/wp\/v2\/pages"}],"about":[{"href":"http:\/\/kasokrom.sk\/New\/index.php?rest_route=\/wp\/v2\/types\/page"}],"author":[{"embeddable":true,"href":"http:\/\/kasokrom.sk\/New\/index.php?rest_route=\/wp\/v2\/users\/1"}],"replies":[{"embeddable":true,"href":"http:\/\/kasokrom.sk\/New\/index.php?rest_route=%2Fwp%2Fv2%2Fcomments&post=15"}],"version-history":[{"count":6,"href":"http:\/\/kasokrom.sk\/New\/index.php?rest_route=\/wp\/v2\/pages\/15\/revisions"}],"predecessor-version":[{"id":127,"href":"http:\/\/kasokrom.sk\/New\/index.php?rest_route=\/wp\/v2\/pages\/15\/revisions\/127"}],"wp:attachment":[{"href":"http:\/\/kasokrom.sk\/New\/index.php?rest_route=%2Fwp%2Fv2%2Fmedia&parent=15"}],"curies":[{"name":"wp","href":"https:\/\/api.w.org\/{rel}","templated":true}]}}